{"id":474,"date":"2019-10-24T08:09:08","date_gmt":"2019-10-24T08:09:08","guid":{"rendered":"https:\/\/demo2wpopal.b-cdn.net\/rehomes\/?page_id=474"},"modified":"2025-01-16T02:15:58","modified_gmt":"2025-01-16T01:15:58","slug":"presentation","status":"publish","type":"page","link":"https:\/\/imm-tunisia.com\/ar\/presentation\/","title":{"rendered":"\u062a\u0642\u062f\u064a\u0645 \u0627\u0644\u0634\u0631\u0643\u0629"},"content":{"rendered":"<div data-elementor-type=\"wp-page\" data-elementor-id=\"474\" class=\"elementor elementor-474\">\n\t\t\t\t\t\t<section class=\"elementor-section elementor-top-section elementor-element elementor-element-fada7e3 elementor-section-stretched elementor-section-boxed elementor-section-height-default elementor-section-height-default elementor-invisible\" data-id=\"fada7e3\" data-element_type=\"section\" data-settings=\"{&quot;stretch_section&quot;:&quot;section-stretched&quot;,&quot;background_background&quot;:&quot;classic&quot;,&quot;animation&quot;:&quot;opal-move-up&quot;}\">\n\t\t\t\t\t\t<div class=\"elementor-container elementor-column-gap-no\">\n\t\t\t\t\t<div class=\"elementor-column elementor-col-50 elementor-top-column elementor-element elementor-element-b80d5e0\" data-id=\"b80d5e0\" data-element_type=\"column\">\n\t\t\t<div class=\"elementor-widget-wrap elementor-element-populated\">\n\t\t\t\t\t\t<div class=\"elementor-element elementor-element-eaa4ed9 animated-fast elementor-invisible elementor-widget elementor-widget-heading\" data-id=\"eaa4ed9\" data-element_type=\"widget\" data-settings=\"{&quot;_animation&quot;:&quot;opal-move-up&quot;}\" data-widget_type=\"heading.default\">\n\t\t\t\t\t<div class=\"elementor-heading-wrapper\" ><span class=\"sub-title\">\u0628\u0646\u0627\u0621 \u0648\u0628\u064a\u0639 \u0627\u0644\u0634\u0642\u0642 \u0641\u064a \u062a\u0648\u0646\u0633<\/span><div class=\"elementor-heading-wrapper-inner\"><h2 class=\"elementor-heading-title elementor-size-default\">\u0639\u0642\u0627\u0631\u064a\u0629 \u0627\u0644\u0645\u063a\u0631\u0628<\/h2><\/div><\/div>\t\t\t\t<\/div>\n\t\t\t\t<div class=\"elementor-element elementor-element-2b08ca3 animated-fast elementor-invisible elementor-widget elementor-widget-text-editor\" data-id=\"2b08ca3\" data-element_type=\"widget\" data-settings=\"{&quot;_animation&quot;:&quot;opal-move-up&quot;}\" data-widget_type=\"text-editor.default\">\n\t\t\t\t\t        <div class=\"elementor-text-editor elementor-clearfix\"><p class=\"Style66 translation-block\" align=\"justify\">\u0631\u0627\u0626\u062f\u0629 \u0641\u064a \u0645\u062c\u0627\u0644 \u0627\u0644\u0628\u0639\u062b \u0627\u0644\u0639\u0642\u0627\u0631\u064a\u060c \u0648\u0627\u0635\u0644\u062a  \u0639\u0642\u0627\u0631\u064a\u0629 \u0627\u0644\u0645\u063a\u0631\u0628 \u0645\u0646\u0630 \u0625\u0646\u0634\u0627\u0626\u0647\u0627 \u0627\u0644\u0633\u0639\u064a \u0644\u0644\u062d\u0635\u0648\u0644 \u0639\u0644\u0649 \u0627\u0644\u0631\u0636\u0627 \u0627\u0644\u0623\u0645\u062b\u0644 \u0644\u062d\u0631\u0641\u0627\u0621\u0647\u0627 \u0645\u0646 \u062e\u0644\u0627\u0644:<\/p><ul><li class=\"Style66\">\u0627\u0644\u0628\u062d\u062b \u0639\u0646 \u0627\u0644\u0645\u0648\u0627\u0642\u0639 \u0627\u0644\u0625\u0633\u062a\u0631\u0627\u062a\u064a\u062c\u064a\u0629 \u0648 \u0627\u0644\u0642\u0631\u064a\u0628\u0629 \u0645\u0646 \u062c\u0645\u064a\u0639 \u0627\u0644\u0645\u0631\u0627\u0641\u0642 \u0648 \u0627\u0644\u062e\u062f\u0645\u0627\u062a<\/li><li class=\"Style66\">\u062a\u0639\u062a\u0645\u062f \u0634\u0631\u0643\u0629 \u0639\u0642\u0627\u0631\u064a\u0629 \u0627\u0644\u0645\u063a\u0631\u0628 \u0639\u0644\u0649 \u062e\u0628\u0631\u0629 \u0634\u0631\u0643\u0627\u0626\u0647\u0627 \u0645\u0646 \u0645\u0643\u0627\u062a\u0628 \u0627\u0644\u062a\u0635\u0645\u064a\u0645 \u0648 \u0627\u0644\u0645\u0647\u0646\u062f\u0633\u064a\u0646 \u0627\u0644\u0645\u0639\u0645\u0627\u0631\u064a\u064a\u0646 \u0648 \u0627\u0644\u0645\u0642\u0627\u0648\u0644\u064a\u0646 \u0627\u0644\u0645\u062a\u0645\u0643\u0646\u064a\u0646 \u0641\u064a \u0645\u062c\u0627\u0644\u0647\u0645 \u0644\u062a\u0642\u062f\u064a\u0645 \u0623\u0641\u0636\u0644 \u0645\u0646\u062a\u0648\u062c<\/li><li class=\"Style66\">\u0627\u0644\u062a\u062d\u0643\u0645 \u0641\u064a \u0627\u0644\u062a\u0643\u0644\u0641\u0629 \u0628\u064a\u0646 \u0627\u0644\u062c\u0648\u062f\u0629 \u0648 \u0627\u0644\u0645\u0633\u0627\u062d\u0629<\/li><li class=\"Style66\">\u0627\u0644\u0628\u062d\u062b \u0627\u0644\u0645\u0633\u062a\u0645\u0631 \u0639\u0646 \u0622\u0641\u0627\u0642 \u062c\u062f\u064a\u062f\u0629 \u0641\u064a \u0645\u062c\u0627\u0644 \u0627\u0644\u0639\u0645\u0627\u0631\u0629 \u0648\u0627\u0644\u062f\u064a\u0643\u0648\u0631 \u0648 \u0627\u0644\u062a\u0635\u0645\u064a\u0645<\/li><li class=\"Style66\">\u062f\u0645\u062c \u0627\u0644\u062a\u0643\u0646\u0648\u0644\u0648\u062c\u064a\u0627 \u0627\u0644\u0645\u062a\u0637\u0648\u0631\u0629 \u062f\u0627\u062e\u0644 \u0645\u0633\u0627\u0643\u0646\u0646\u0627: \u0627\u0644\u0645\u0635\u0627\u0639\u062f\u060c \u0646\u0638\u0627\u0645 \u0627\u0644\u0625\u062a\u0635\u0627\u0644 \u0627\u0644\u062f\u0627\u062e\u0644\u064a \u0648 \u0625\u0646\u062a\u0631\u0646\u062a \u0627\u0644\u0623\u0644\u064a\u0627\u0641 \u0627\u0644\u0636\u0648\u0626\u064a\u0629 (fibre optique) \u0648\u0627\u0644\u062a\u062d\u0643\u0645 \u0641\u064a \u0627\u0644\u0637\u0627\u0642\u0629<\/li><\/ul><\/div>\n        \t\t\t\t<\/div>\n\t\t\t\t\t<\/div>\n\t\t<\/div>\n\t\t\t\t<div class=\"elementor-column elementor-col-50 elementor-top-column elementor-element elementor-element-a673fab\" data-id=\"a673fab\" data-element_type=\"column\">\n\t\t\t<div class=\"elementor-widget-wrap elementor-element-populated\">\n\t\t\t\t\t\t<div class=\"elementor-element elementor-element-38fa2f4 animated-fast elementor-invisible elementor-widget elementor-widget-heading\" data-id=\"38fa2f4\" data-element_type=\"widget\" data-settings=\"{&quot;_animation&quot;:&quot;opal-move-up&quot;}\" data-widget_type=\"heading.default\">\n\t\t\t\t\t<div class=\"elementor-heading-wrapper\" ><div class=\"elementor-heading-wrapper-inner\"><h2 class=\"elementor-heading-title elementor-size-default\">\u0645\u0639\u0627\u064a\u064a\u0631\u0646\u0627<\/h2><\/div><\/div>\t\t\t\t<\/div>\n\t\t\t\t<section class=\"elementor-section elementor-inner-section elementor-element elementor-element-c5b91d5 elementor-section-boxed elementor-section-height-default elementor-section-height-default\" data-id=\"c5b91d5\" data-element_type=\"section\">\n\t\t\t\t\t\t<div class=\"elementor-container elementor-column-gap-no\">\n\t\t\t\t\t<div class=\"elementor-column elementor-col-50 elementor-inner-column elementor-element elementor-element-7815fcd\" data-id=\"7815fcd\" data-element_type=\"column\">\n\t\t\t<div class=\"elementor-widget-wrap elementor-element-populated\">\n\t\t\t\t\t\t<div class=\"elementor-element elementor-element-b001fcf animated-fast elementor-position-left elementor-invisible elementor-widget elementor-widget-featured-box\" data-id=\"b001fcf\" data-element_type=\"widget\" data-settings=\"{&quot;_animation&quot;:&quot;opal-move-up&quot;,&quot;_animation_delay&quot;:150}\" data-widget_type=\"featured-box.default\">\n\t\t\t\t<div class=\"elementor-widget-container\">\n\t\t\t\t\t<div class=\"elementor-featured-box-wrapper\"><div class=\"elementor-featured-box-flex\"><div class=\"elementor-featured-box-top\"><div class=\"elementor-featured-box-icon\"><i class=\"opal-icon-check-circle opal-icon-check-circle\" aria-hidden=\"true true\"><\/i><\/div><\/div><div class=\"elementor-featured-box-bottom\"><h3 class=\"elementor-featured-box-title\"><a href=\"#\">\u0645\u0635\u062f\u0627\u0642\u064a\u0629<\/a><\/h3><\/div><\/div><div class=\"elementor-featured-box-content\"><\/div><\/div>\t\t\t\t<\/div>\n\t\t\t\t<\/div>\n\t\t\t\t\t<\/div>\n\t\t<\/div>\n\t\t\t\t<div class=\"elementor-column elementor-col-50 elementor-inner-column elementor-element elementor-element-3e96ab0\" data-id=\"3e96ab0\" data-element_type=\"column\">\n\t\t\t<div class=\"elementor-widget-wrap elementor-element-populated\">\n\t\t\t\t\t\t<div class=\"elementor-element elementor-element-9c513a4 animated-fast elementor-position-left elementor-invisible elementor-widget elementor-widget-featured-box\" data-id=\"9c513a4\" data-element_type=\"widget\" data-settings=\"{&quot;_animation&quot;:&quot;opal-move-up&quot;,&quot;_animation_delay&quot;:300}\" data-widget_type=\"featured-box.default\">\n\t\t\t\t<div class=\"elementor-widget-container\">\n\t\t\t\t\t<div class=\"elementor-featured-box-wrapper\"><div class=\"elementor-featured-box-flex\"><div class=\"elementor-featured-box-top\"><div class=\"elementor-featured-box-icon\"><i class=\"opal-icon-bullseye-pointer opal-icon-bullseye-pointer\" aria-hidden=\"true true\"><\/i><\/div><\/div><div class=\"elementor-featured-box-bottom\"><h3 class=\"elementor-featured-box-title\"><a href=\"#\">\u0625\u062d\u062a\u0631\u0627\u0641\u064a\u0629<\/a><\/h3><\/div><\/div><div class=\"elementor-featured-box-content\"><\/div><\/div>\t\t\t\t<\/div>\n\t\t\t\t<\/div>\n\t\t\t\t\t<\/div>\n\t\t<\/div>\n\t\t\t\t\t<\/div>\n\t\t<\/section>\n\t\t\t\t<section class=\"elementor-section elementor-inner-section elementor-element elementor-element-0ce1269 elementor-section-boxed elementor-section-height-default elementor-section-height-default\" data-id=\"0ce1269\" data-element_type=\"section\">\n\t\t\t\t\t\t<div class=\"elementor-container elementor-column-gap-no\">\n\t\t\t\t\t<div class=\"elementor-column elementor-col-50 elementor-inner-column elementor-element elementor-element-604b9ca\" data-id=\"604b9ca\" data-element_type=\"column\">\n\t\t\t<div class=\"elementor-widget-wrap elementor-element-populated\">\n\t\t\t\t\t\t<div class=\"elementor-element elementor-element-d50fa9c animated-fast elementor-position-left elementor-invisible elementor-widget elementor-widget-featured-box\" data-id=\"d50fa9c\" data-element_type=\"widget\" data-settings=\"{&quot;_animation&quot;:&quot;opal-move-up&quot;}\" data-widget_type=\"featured-box.default\">\n\t\t\t\t<div class=\"elementor-widget-container\">\n\t\t\t\t\t<div class=\"elementor-featured-box-wrapper\"><div class=\"elementor-featured-box-flex\"><div class=\"elementor-featured-box-top\"><div class=\"elementor-featured-box-icon\"><i class=\"fa fa-bar-chart fa fa-bar-chart\" aria-hidden=\"true true\"><\/i><\/div><\/div><div class=\"elementor-featured-box-bottom\"><h3 class=\"elementor-featured-box-title\"><a href=\"#\">\u0623\u0633\u0639\u0627\u0631 \u062a\u0646\u0627\u0641\u0633\u064a\u0629<\/a><\/h3><\/div><\/div><div class=\"elementor-featured-box-content\"><\/div><\/div>\t\t\t\t<\/div>\n\t\t\t\t<\/div>\n\t\t\t\t\t<\/div>\n\t\t<\/div>\n\t\t\t\t<div class=\"elementor-column elementor-col-50 elementor-inner-column elementor-element elementor-element-25a87a9\" data-id=\"25a87a9\" data-element_type=\"column\">\n\t\t\t<div class=\"elementor-widget-wrap elementor-element-populated\">\n\t\t\t\t\t\t<div class=\"elementor-element elementor-element-7b3eff3 animated-fast elementor-position-left elementor-invisible elementor-widget elementor-widget-featured-box\" data-id=\"7b3eff3\" data-element_type=\"widget\" data-settings=\"{&quot;_animation&quot;:&quot;opal-move-up&quot;}\" data-widget_type=\"featured-box.default\">\n\t\t\t\t<div class=\"elementor-widget-container\">\n\t\t\t\t\t<div class=\"elementor-featured-box-wrapper\"><div class=\"elementor-featured-box-flex\"><div class=\"elementor-featured-box-top\"><div class=\"elementor-featured-box-icon\"><i class=\"opal-icon-support opal-icon-support\" aria-hidden=\"true true\"><\/i><\/div><\/div><div class=\"elementor-featured-box-bottom\"><h3 class=\"elementor-featured-box-title\"><a href=\"#\">\u062c\u0648\u062f\u0629 \u062e\u062f\u0645\u0629 \u0645\u0627 \u0628\u0639\u062f \u0627\u0644\u0628\u064a\u0639<\/a><\/h3><\/div><\/div><div class=\"elementor-featured-box-content\"><\/div><\/div>\t\t\t\t<\/div>\n\t\t\t\t<\/div>\n\t\t\t\t\t<\/div>\n\t\t<\/div>\n\t\t\t\t\t<\/div>\n\t\t<\/section>\n\t\t\t\t\t<\/div>\n\t\t<\/div>\n\t\t\t\t\t<\/div>\n\t\t<\/section>\n\t\t\t\t<section class=\"elementor-section elementor-top-section elementor-element elementor-element-7313566 elementor-section-stretched elementor-hidden-desktop elementor-hidden-tablet elementor-hidden-mobile elementor-section-boxed elementor-section-height-default elementor-section-height-default elementor-invisible\" data-id=\"7313566\" data-element_type=\"section\" data-settings=\"{&quot;stretch_section&quot;:&quot;section-stretched&quot;,&quot;background_background&quot;:&quot;classic&quot;,&quot;animation&quot;:&quot;opal-move-up&quot;}\">\n\t\t\t\t\t\t<div class=\"elementor-container elementor-column-gap-no\">\n\t\t\t\t\t<div class=\"elementor-column elementor-col-50 elementor-top-column elementor-element elementor-element-60c468b animated-fast elementor-invisible\" data-id=\"60c468b\" data-element_type=\"column\" data-settings=\"{&quot;background_background&quot;:&quot;classic&quot;,&quot;animation&quot;:&quot;opal-move-up&quot;}\">\n\t\t\t<div class=\"elementor-widget-wrap elementor-element-populated\">\n\t\t\t\t\t\t<div class=\"elementor-element elementor-element-007fa6f animated-fast elementor-invisible elementor-widget elementor-widget-opal-video-popup\" data-id=\"007fa6f\" data-element_type=\"widget\" data-settings=\"{&quot;_animation&quot;:&quot;opal-scale-up&quot;}\" data-widget_type=\"opal-video-popup.default\">\n\t\t\t\t<div class=\"elementor-widget-container\">\n\t\t\t\t\t        <div class=\"elementor-video-wrapper opal-video-popup\">\n            <a class=\"elementor-video-popup\" role=\"button\" href=\"https:\/\/www.youtube.com\/watch?v=eSpkmn5usiY\" data-effect=\"mfp-zoom-in\">\n                <span class=\"elementor-video-icon\">\n                                            <i class=\"fa fa-play\" aria-hidden=\"true\"><\/i>\n                                        <\/span>\n                            <\/a>\n\n        <\/div>\n        \t\t\t\t<\/div>\n\t\t\t\t<\/div>\n\t\t\t\t\t<\/div>\n\t\t<\/div>\n\t\t\t\t<div class=\"elementor-column elementor-col-50 elementor-top-column elementor-element elementor-element-2636662\" data-id=\"2636662\" data-element_type=\"column\">\n\t\t\t<div class=\"elementor-widget-wrap elementor-element-populated\">\n\t\t\t\t\t\t<div class=\"elementor-element elementor-element-4ed105c elementor-widget elementor-widget-heading\" data-id=\"4ed105c\" data-element_type=\"widget\" data-widget_type=\"heading.default\">\n\t\t\t\t\t<div class=\"elementor-heading-wrapper\" ><span class=\"sub-title\">\u0639\u0642\u0627\u0631\u064a\u0629 \u0627\u0644\u0645\u063a\u0631\u0628<\/span><div class=\"elementor-heading-wrapper-inner\"><h2 class=\"elementor-heading-title elementor-size-default\">\u0634\u0631\u0643\u062a\u0646\u0627<\/h2><\/div><\/div>\t\t\t\t<\/div>\n\t\t\t\t<div class=\"elementor-element elementor-element-66ce9cc elementor-widget elementor-widget-text-editor\" data-id=\"66ce9cc\" data-element_type=\"widget\" data-widget_type=\"text-editor.default\">\n\t\t\t\t\t        <div class=\"elementor-text-editor elementor-clearfix\"><p>\u062a\u0639\u0645\u0644 \u0634\u0631\u0643\u0629 \u0639\u0642\u0627\u0631\u064a\u0629 \u0627\u0644\u0645\u063a\u0631\u0628 \u0645\u0646\u0630 \u062b\u0644\u0627\u062b\u0629 \u0639\u0642\u0648\u062f \u0639\u0644\u0649 \u062a\u0637\u0648\u064a\u0631 \u0642\u0637\u0627\u0639 \u0627\u0644\u0628\u0639\u062b \u0627\u0644\u0639\u0642\u0627\u0631\u064a \u0641\u064a \u062a\u0648\u0646\u0633 \u0645\u0646 \u062e\u0644\u0627\u0644 \u0628\u0646\u0627\u0621 \u0645\u0634\u0627\u0631\u064a\u0639 \u0639\u0645\u0631\u0627\u0646\u064a\u0629 \u0641\u0631\u064a\u062f\u0629 \u0645\u0646 \u0646\u0648\u0639\u0647\u0627 \u0648 \u0645\u0639\u0627\u0635\u0631\u0629 \u0641\u064a \u0645\u0648\u0627\u0642\u0639 \u0625\u0633\u062a\u0631\u0627\u062a\u064a\u062c\u064a\u0629 \u0645\u062e\u062a\u0644\u0641\u0629.<\/p><\/div>\n        \t\t\t\t<\/div>\n\t\t\t\t<div class=\"elementor-element elementor-element-6933bb7 elementor-widget elementor-widget-text-editor\" data-id=\"6933bb7\" data-element_type=\"widget\" data-no-translation=\"\" data-widget_type=\"text-editor.default\">\n\t\t\t\t\t<style>.elementor-element-6933bb7{display:none !important}<\/style>\t\t\t\t<\/div>\n\t\t\t\t\t<\/div>\n\t\t<\/div>\n\t\t\t\t\t<\/div>\n\t\t<\/section>\n\t\t\t\t<section class=\"elementor-section elementor-top-section elementor-element elementor-element-3416e40 elementor-section-stretched elementor-section-boxed elementor-section-height-default elementor-section-height-default\" data-id=\"3416e40\" data-element_type=\"section\" data-settings=\"{&quot;stretch_section&quot;:&quot;section-stretched&quot;,&quot;background_background&quot;:&quot;classic&quot;}\">\n\t\t\t\t\t\t<div class=\"elementor-container elementor-column-gap-no\">\n\t\t\t\t\t<div class=\"elementor-column elementor-col-100 elementor-top-column elementor-element elementor-element-511b2be\" data-id=\"511b2be\" data-element_type=\"column\">\n\t\t\t<div class=\"elementor-widget-wrap elementor-element-populated\">\n\t\t\t\t\t\t<div class=\"elementor-element elementor-element-8cc499d animated-fast elementor-invisible elementor-widget elementor-widget-heading\" data-id=\"8cc499d\" data-element_type=\"widget\" data-settings=\"{&quot;_animation&quot;:&quot;opal-move-up&quot;}\" data-widget_type=\"heading.default\">\n\t\t\t\t\t<div class=\"elementor-heading-wrapper\" ><span class=\"sub-title\">\u0628\u0627\u0639\u062b \u0639\u0642\u0627\u0631\u064a \u0641\u064a \u062a\u0648\u0646\u0633<\/span><div class=\"elementor-heading-wrapper-inner\"><h2 class=\"elementor-heading-title elementor-size-default\">\u0623\u0631\u0642\u0627\u0645 \u0647\u0627\u0645\u0629<\/h2><\/div><\/div>\t\t\t\t<\/div>\n\t\t\t\t<section class=\"elementor-section elementor-inner-section elementor-element elementor-element-f2f97c5 elementor-section-boxed elementor-section-height-default elementor-section-height-default\" data-id=\"f2f97c5\" data-element_type=\"section\">\n\t\t\t\t\t\t<div class=\"elementor-container elementor-column-gap-no\">\n\t\t\t\t\t<div class=\"elementor-column elementor-col-25 elementor-inner-column elementor-element elementor-element-1d1e9ac animated-fast elementor-invisible\" data-id=\"1d1e9ac\" data-element_type=\"column\" data-settings=\"{&quot;animation&quot;:&quot;opal-move-up&quot;}\">\n\t\t\t<div class=\"elementor-widget-wrap elementor-element-populated\">\n\t\t\t\t\t\t<div class=\"elementor-element elementor-element-078679d elementor-position-center elementor-alignment-right animated-fast elementor-vertical-align-top elementor-invisible elementor-widget elementor-widget-counter\" data-id=\"078679d\" data-element_type=\"widget\" data-settings=\"{&quot;_animation&quot;:&quot;opal-move-up&quot;}\" data-widget_type=\"counter.default\">\n\t\t\t\t\t        <div class=\"elementor-counter\">\n                        <div class=\"elementor-counter-wrapper\">\n                <div class=\"elementor-counter-number-wrapper\">\n                    <span class=\"elementor-counter-number-prefix\"><\/span>\n                    <span class=\"elementor-counter-number\" data-duration=\"2000\" data-to-value=\"1000\" data-delimiter=\",\">0<\/span>\n                    <span class=\"elementor-counter-number-suffix\">+<\/span>\n                <\/div>\n\n                <div class=\"elementor-counter-title-wrap\">\n                                            <div class=\"elementor-counter-title\">\u0634\u0642\u0629<\/div>\n                                                                            <\/div>\n            <\/div>\n        <\/div>\n        \t\t\t\t<\/div>\n\t\t\t\t\t<\/div>\n\t\t<\/div>\n\t\t\t\t<div class=\"elementor-column elementor-col-25 elementor-inner-column elementor-element elementor-element-a2a7df7 animated-fast elementor-invisible\" data-id=\"a2a7df7\" data-element_type=\"column\" data-settings=\"{&quot;animation&quot;:&quot;opal-move-up&quot;,&quot;animation_delay&quot;:150}\">\n\t\t\t<div class=\"elementor-widget-wrap elementor-element-populated\">\n\t\t\t\t\t\t<div class=\"elementor-element elementor-element-0917bd8 elementor-position-center elementor-alignment-right animated-fast elementor-vertical-align-top elementor-invisible elementor-widget elementor-widget-counter\" data-id=\"0917bd8\" data-element_type=\"widget\" data-settings=\"{&quot;_animation&quot;:&quot;opal-move-up&quot;}\" data-widget_type=\"counter.default\">\n\t\t\t\t\t        <div class=\"elementor-counter\">\n                        <div class=\"elementor-counter-wrapper\">\n                <div class=\"elementor-counter-number-wrapper\">\n                    <span class=\"elementor-counter-number-prefix\"><\/span>\n                    <span class=\"elementor-counter-number\" data-duration=\"2000\" data-to-value=\"45\" data-delimiter=\",\">0<\/span>\n                    <span class=\"elementor-counter-number-suffix\">+<\/span>\n                <\/div>\n\n                <div class=\"elementor-counter-title-wrap\">\n                                            <div class=\"elementor-counter-title\">\u0645\u062d\u0644 \u062a\u062c\u0627\u0631\u064a<\/div>\n                                                                            <\/div>\n            <\/div>\n        <\/div>\n        \t\t\t\t<\/div>\n\t\t\t\t\t<\/div>\n\t\t<\/div>\n\t\t\t\t<div class=\"elementor-column elementor-col-25 elementor-inner-column elementor-element elementor-element-187cf26 animated-fast elementor-invisible\" data-id=\"187cf26\" data-element_type=\"column\" data-settings=\"{&quot;animation&quot;:&quot;opal-move-up&quot;,&quot;animation_delay&quot;:300}\">\n\t\t\t<div class=\"elementor-widget-wrap elementor-element-populated\">\n\t\t\t\t\t\t<div class=\"elementor-element elementor-element-285bf36 elementor-position-center elementor-alignment-right animated-fast elementor-vertical-align-top elementor-invisible elementor-widget elementor-widget-counter\" data-id=\"285bf36\" data-element_type=\"widget\" data-settings=\"{&quot;_animation&quot;:&quot;opal-move-up&quot;}\" data-widget_type=\"counter.default\">\n\t\t\t\t\t        <div class=\"elementor-counter\">\n                        <div class=\"elementor-counter-wrapper\">\n                <div class=\"elementor-counter-number-wrapper\">\n                    <span class=\"elementor-counter-number-prefix\"><\/span>\n                    <span class=\"elementor-counter-number\" data-duration=\"2000\" data-to-value=\"30\" data-delimiter=\",\">0<\/span>\n                    <span class=\"elementor-counter-number-suffix\">+<\/span>\n                <\/div>\n\n                <div class=\"elementor-counter-title-wrap\">\n                                            <div class=\"elementor-counter-title\">\u0633\u0646\u0629 \u062e\u0628\u0631\u0629<\/div>\n                                                                            <\/div>\n            <\/div>\n        <\/div>\n        \t\t\t\t<\/div>\n\t\t\t\t\t<\/div>\n\t\t<\/div>\n\t\t\t\t<div class=\"elementor-column elementor-col-25 elementor-inner-column elementor-element elementor-element-2449cf1 animated-fast elementor-invisible\" data-id=\"2449cf1\" data-element_type=\"column\" data-settings=\"{&quot;animation&quot;:&quot;opal-move-up&quot;,&quot;animation_delay&quot;:300}\">\n\t\t\t<div class=\"elementor-widget-wrap elementor-element-populated\">\n\t\t\t\t\t\t<div class=\"elementor-element elementor-element-220f57b elementor-position-center elementor-alignment-right animated-fast elementor-vertical-align-top elementor-invisible elementor-widget elementor-widget-counter\" data-id=\"220f57b\" data-element_type=\"widget\" data-settings=\"{&quot;_animation&quot;:&quot;opal-move-up&quot;}\" data-widget_type=\"counter.default\">\n\t\t\t\t\t        <div class=\"elementor-counter\">\n                        <div class=\"elementor-counter-wrapper\">\n                <div class=\"elementor-counter-number-wrapper\">\n                    <span class=\"elementor-counter-number-prefix\"><\/span>\n                    <span class=\"elementor-counter-number\" data-duration=\"2000\" data-to-value=\"1992\">1992<\/span>\n                    <span class=\"elementor-counter-number-suffix\"><\/span>\n                <\/div>\n\n                <div class=\"elementor-counter-title-wrap\">\n                                            <div class=\"elementor-counter-title\">\u0633\u0646\u0629 \u0627\u0644\u062a\u0623\u0633\u064a\u0633<\/div>\n                                                                            <\/div>\n            <\/div>\n        <\/div>\n        \t\t\t\t<\/div>\n\t\t\t\t\t<\/div>\n\t\t<\/div>\n\t\t\t\t\t<\/div>\n\t\t<\/section>\n\t\t\t\t\t<\/div>\n\t\t<\/div>\n\t\t\t\t\t<\/div>\n\t\t<\/section>\n\t\t\t\t<\/div>","protected":false},"excerpt":{"rendered":"<p>Vente et achat appartement en tunisie L&rsquo;immobili\u00e8re du Maghreb Pionni\u00e8re dans le secteur de l\u2019immobilier et la vente d\u2019appartements neufs en Tunisie, l\u2019Immobili\u00e8re du Maghreb\u00a0n\u2019a cess\u00e9 depuis sa cr\u00e9ation de\u00a0chercher la satisfaction optimale de ses clients en mati\u00e8re d\u2019acquisition d\u2019un appartement\u00a0\u00e0 travers les moyens suivants : Prospection de sites privil\u00e9gi\u00e9s dans des zones d\u2019avenir et &hellip; <\/p>\n<p class=\"link-more\"><a href=\"https:\/\/imm-tunisia.com\/ar\/presentation\/\" class=\"more-link\">Read More <span class=\"screen-reader-text\"> \u00ab\u00a0Pr\u00e9sentation\u00a0\u00bb<\/span><\/a><\/p>","protected":false},"author":2,"featured_media":0,"parent":0,"menu_order":0,"comment_status":"closed","ping_status":"closed","template":"page-elementor.php","meta":{"om_disable_all_campaigns":false,"inline_featured_image":false,"_monsterinsights_skip_tracking":false,"_monsterinsights_sitenote_active":false,"_monsterinsights_sitenote_note":"","_monsterinsights_sitenote_category":0,"_joinchat":[],"footnotes":""},"class_list":["post-474","page","type-page","status-publish","hentry"],"aioseo_notices":[],"_links":{"self":[{"href":"https:\/\/imm-tunisia.com\/ar\/wp-json\/wp\/v2\/pages\/474","targetHints":{"allow":["GET"]}}],"collection":[{"href":"https:\/\/imm-tunisia.com\/ar\/wp-json\/wp\/v2\/pages"}],"about":[{"href":"https:\/\/imm-tunisia.com\/ar\/wp-json\/wp\/v2\/types\/page"}],"author":[{"embeddable":true,"href":"https:\/\/imm-tunisia.com\/ar\/wp-json\/wp\/v2\/users\/2"}],"replies":[{"embeddable":true,"href":"https:\/\/imm-tunisia.com\/ar\/wp-json\/wp\/v2\/comments?post=474"}],"version-history":[{"count":0,"href":"https:\/\/imm-tunisia.com\/ar\/wp-json\/wp\/v2\/pages\/474\/revisions"}],"wp:attachment":[{"href":"https:\/\/imm-tunisia.com\/ar\/wp-json\/wp\/v2\/media?parent=474"}],"curies":[{"name":"wp","href":"https:\/\/api.w.org\/{rel}","templated":true}]}}